{"id":80,"date":"2024-12-29T18:13:54","date_gmt":"2024-12-29T17:13:54","guid":{"rendered":"http:\/\/ralfburkhardt.com\/?page_id=80"},"modified":"2024-12-29T20:41:44","modified_gmt":"2024-12-29T19:41:44","slug":"ffn-keller","status":"publish","type":"page","link":"http:\/\/ralfburkhardt.com\/?page_id=80","title":{"rendered":"FFN-Keller"},"content":{"rendered":"\n<p>Wir freuen uns, dass du dich f\u00fcr unseren Vereinskeller interessierst.<br>Der Keller wurde von den Vereinsmitgliedern komplett in Eigenregie ausgebaut und eingerichtet.<br>Hier finden alle vereinsinternen Veranstaltungen wie Weinseminare, Sitzungen etc. statt.<\/p>\n\n\n\n<p>Unser Keller steht aber auch der \u00d6ffentlichkeit zur Verf\u00fcgung.<br>Ob f\u00fcr Reisegesellschaften, Vereine oder Privatpersonen, wir haben f\u00fcr jede Veranstaltung die passende L\u00f6sung:<\/p>\n\n\n\n<ul class=\"wp-block-list\">\n<li>Weinproben<\/li>\n\n\n\n<li>Weinseminare<\/li>\n\n\n\n<li>Geburtstagsfeiern<\/li>\n\n\n\n<li>Firmenfeste<\/li>\n\n\n\n<li>Vereinsfeiern<\/li>\n\n\n\n<li>Reisegruppen<\/li>\n\n\n\n<li>Platz f\u00fcr 25 &#8211; 130 Personen<\/li>\n\n\n\n<li>Getr\u00e4nke<\/li>\n\n\n\n<li>Speisen (Buffet)<\/li>\n\n\n\n<li>Musik<\/li>\n\n\n\n<li>Busparkplatz in n\u00e4chster N\u00e4he<\/li>\n<\/ul>\n\n\n\n<figure class=\"wp-block-gallery has-nested-images columns-default is-cropped wp-block-gallery-1 is-layout-flex wp-block-gallery-is-layout-flex\">\n<figure class=\"wp-block-image size-large\"><img loading=\"lazy\" decoding=\"async\" width=\"219\" height=\"309\" data-id=\"140\" src=\"http:\/\/ralfburkhardt.com\/wp-content\/uploads\/partnerschaftskeller.jpg\" alt=\"\" class=\"wp-image-140\" srcset=\"http:\/\/ralfburkhardt.com\/wp-content\/uploads\/partnerschaftskeller.jpg 219w, http:\/\/ralfburkhardt.com\/wp-content\/uploads\/partnerschaftskeller-213x300.jpg 213w\" sizes=\"auto, (max-width: 219px) 100vw, 219px\" \/><\/figure>\n\n\n\n<figure class=\"wp-block-image size-large\"><img loading=\"lazy\" decoding=\"async\" width=\"597\" height=\"480\" data-id=\"143\" src=\"http:\/\/ralfburkhardt.com\/wp-content\/uploads\/hof1.jpg\" alt=\"\" class=\"wp-image-143\" srcset=\"http:\/\/ralfburkhardt.com\/wp-content\/uploads\/hof1.jpg 597w, http:\/\/ralfburkhardt.com\/wp-content\/uploads\/hof1-300x241.jpg 300w\" sizes=\"auto, (max-width: 597px) 100vw, 597px\" \/><\/figure>\n\n\n\n<figure class=\"wp-block-image size-large\"><img loading=\"lazy\" decoding=\"async\" width=\"224\" height=\"299\" data-id=\"146\" src=\"http:\/\/ralfburkhardt.com\/wp-content\/uploads\/kelter.jpg\" alt=\"\" class=\"wp-image-146\"\/><\/figure>\n\n\n\n<figure class=\"wp-block-image size-large\"><img loading=\"lazy\" decoding=\"async\" width=\"337\" height=\"180\" data-id=\"141\" src=\"http:\/\/ralfburkhardt.com\/wp-content\/uploads\/theke.jpg\" alt=\"\" class=\"wp-image-141\" srcset=\"http:\/\/ralfburkhardt.com\/wp-content\/uploads\/theke.jpg 337w, http:\/\/ralfburkhardt.com\/wp-content\/uploads\/theke-300x160.jpg 300w\" sizes=\"auto, (max-width: 337px) 100vw, 337px\" \/><\/figure>\n\n\n\n<figure class=\"wp-block-image size-large\"><img loading=\"lazy\" decoding=\"async\" width=\"225\" height=\"300\" data-id=\"144\" src=\"http:\/\/ralfburkhardt.com\/wp-content\/uploads\/keller1.jpg\" alt=\"\" class=\"wp-image-144\"\/><\/figure>\n\n\n\n<figure class=\"wp-block-image size-large\"><img loading=\"lazy\" decoding=\"async\" width=\"189\" height=\"298\" data-id=\"139\" src=\"http:\/\/ralfburkhardt.com\/wp-content\/uploads\/ortsteile.jpg\" alt=\"\" class=\"wp-image-139\"\/><\/figure>\n\n\n\n<figure class=\"wp-block-image size-large\"><img loading=\"lazy\" decoding=\"async\" width=\"225\" height=\"300\" data-id=\"145\" src=\"http:\/\/ralfburkhardt.com\/wp-content\/uploads\/keller2.jpg\" alt=\"\" class=\"wp-image-145\"\/><\/figure>\n\n\n\n<figure class=\"wp-block-image size-large\"><img loading=\"lazy\" decoding=\"async\" width=\"225\" height=\"300\" data-id=\"142\" src=\"http:\/\/ralfburkhardt.com\/wp-content\/uploads\/uhr.jpg\" alt=\"\" class=\"wp-image-142\"\/><\/figure>\n<\/figure>\n","protected":false},"excerpt":{"rendered":"<p>Wir freuen uns, dass du dich f\u00fcr unseren Vereinskeller interessierst.Der Keller wurde von den Vereinsmitgliedern komplett in Eigenregie ausgebaut und eingerichtet.Hier finden alle vereinsinternen Veranstaltungen wie Weinseminare, Sitzungen etc. statt. Unser Keller steht aber auch der \u00d6ffentlichkeit zur Verf\u00fcgung.Ob f\u00fcr Reisegesellschaften, Vereine oder Privatpersonen, wir haben f\u00fcr jede Veranstaltung die passende L\u00f6sung:<\/p>\n","protected":false},"author":1,"featured_media":0,"parent":0,"menu_order":0,"comment_status":"closed","ping_status":"closed","template":"","meta":{"ocean_post_layout":"full-width","ocean_both_sidebars_style":"","ocean_both_sidebars_content_width":0,"ocean_both_sidebars_sidebars_width":0,"ocean_sidebar":"","ocean_second_sidebar":"","ocean_disable_margins":"enable","ocean_add_body_class":"","ocean_shortcode_before_top_bar":"","ocean_shortcode_after_top_bar":"","ocean_shortcode_before_header":"","ocean_shortcode_after_header":"","ocean_has_shortcode":"","ocean_shortcode_after_title":"","ocean_shortcode_before_footer_widgets":"","ocean_shortcode_after_footer_widgets":"","ocean_shortcode_before_footer_bottom":"","ocean_shortcode_after_footer_bottom":"","ocean_display_top_bar":"default","ocean_display_header":"default","ocean_header_style":"","ocean_center_header_left_menu":"","ocean_custom_header_template":"","ocean_custom_logo":0,"ocean_custom_retina_logo":0,"ocean_custom_logo_max_width":0,"ocean_custom_logo_tablet_max_width":0,"ocean_custom_logo_mobile_max_width":0,"ocean_custom_logo_max_height":0,"ocean_custom_logo_tablet_max_height":0,"ocean_custom_logo_mobile_max_height":0,"ocean_header_custom_menu":"","ocean_menu_typo_font_family":"","ocean_menu_typo_font_subset":"","ocean_menu_typo_font_size":0,"ocean_menu_typo_font_size_tablet":0,"ocean_menu_typo_font_size_mobile":0,"ocean_menu_typo_font_size_unit":"px","ocean_menu_typo_font_weight":"","ocean_menu_typo_font_weight_tablet":"","ocean_menu_typo_font_weight_mobile":"","ocean_menu_typo_transform":"","ocean_menu_typo_transform_tablet":"","ocean_menu_typo_transform_mobile":"","ocean_menu_typo_line_height":0,"ocean_menu_typo_line_height_tablet":0,"ocean_menu_typo_line_height_mobile":0,"ocean_menu_typo_line_height_unit":"","ocean_menu_typo_spacing":0,"ocean_menu_typo_spacing_tablet":0,"ocean_menu_typo_spacing_mobile":0,"ocean_menu_typo_spacing_unit":"","ocean_menu_link_color":"","ocean_menu_link_color_hover":"","ocean_menu_link_color_active":"","ocean_menu_link_background":"","ocean_menu_link_hover_background":"","ocean_menu_link_active_background":"","ocean_menu_social_links_bg":"","ocean_menu_social_hover_links_bg":"","ocean_menu_social_links_color":"","ocean_menu_social_hover_links_color":"","ocean_disable_title":"default","ocean_disable_heading":"default","ocean_post_title":"","ocean_post_subheading":"","ocean_post_title_style":"","ocean_post_title_background_color":"","ocean_post_title_background":0,"ocean_post_title_bg_image_position":"","ocean_post_title_bg_image_attachment":"","ocean_post_title_bg_image_repeat":"","ocean_post_title_bg_image_size":"","ocean_post_title_height":0,"ocean_post_title_bg_overlay":0.5,"ocean_post_title_bg_overlay_color":"","ocean_disable_breadcrumbs":"default","ocean_breadcrumbs_color":"","ocean_breadcrumbs_separator_color":"","ocean_breadcrumbs_links_color":"","ocean_breadcrumbs_links_hover_color":"","ocean_display_footer_widgets":"default","ocean_display_footer_bottom":"default","ocean_custom_footer_template":"","footnotes":""},"class_list":["post-80","page","type-page","status-publish","hentry","entry"],"_links":{"self":[{"href":"http:\/\/ralfburkhardt.com\/index.php?rest_route=\/wp\/v2\/pages\/80","targetHints":{"allow":["GET"]}}],"collection":[{"href":"http:\/\/ralfburkhardt.com\/index.php?rest_route=\/wp\/v2\/pages"}],"about":[{"href":"http:\/\/ralfburkhardt.com\/index.php?rest_route=\/wp\/v2\/types\/page"}],"author":[{"embeddable":true,"href":"http:\/\/ralfburkhardt.com\/index.php?rest_route=\/wp\/v2\/users\/1"}],"replies":[{"embeddable":true,"href":"http:\/\/ralfburkhardt.com\/index.php?rest_route=%2Fwp%2Fv2%2Fcomments&post=80"}],"version-history":[{"count":3,"href":"http:\/\/ralfburkhardt.com\/index.php?rest_route=\/wp\/v2\/pages\/80\/revisions"}],"predecessor-version":[{"id":147,"href":"http:\/\/ralfburkhardt.com\/index.php?rest_route=\/wp\/v2\/pages\/80\/revisions\/147"}],"wp:attachment":[{"href":"http:\/\/ralfburkhardt.com\/index.php?rest_route=%2Fwp%2Fv2%2Fmedia&parent=80"}],"curies":[{"name":"wp","href":"https:\/\/api.w.org\/{rel}","templated":true}]}}